{"id":28,"date":"2025-04-14T17:03:45","date_gmt":"2025-04-14T17:03:45","guid":{"rendered":"https:\/\/www.alexandrelourencoadvocacia.com.br\/?page_id=28"},"modified":"2026-01-28T13:06:28","modified_gmt":"2026-01-28T13:06:28","slug":"sobre-nos","status":"publish","type":"page","link":"https:\/\/alexandrelourencoadvocacia.com.br\/en\/sobre-nos\/","title":{"rendered":"About us"},"content":{"rendered":"<div data-elementor-type=\"wp-page\" data-elementor-id=\"28\" class=\"elementor elementor-28\" data-elementor-post-type=\"page\">\n\t\t\t\t<div class=\"elementor-element elementor-element-4380822 e-flex e-con-boxed e-con e-parent\" data-id=\"4380822\" data-element_type=\"container\" data-e-type=\"container\" data-settings=\"{&quot;background_background&quot;:&quot;classic&quot;}\">\n\t\t\t\t\t<div class=\"e-con-inner\">\n\t\t<div class=\"elementor-element elementor-element-aa77bb9 e-con-full e-flex e-con e-child\" data-id=\"aa77bb9\" data-element_type=\"container\" data-e-type=\"container\">\n\t\t\t\t<div class=\"elementor-element elementor-element-e6f5b21 elementor-widget elementor-widget-heading\" data-id=\"e6f5b21\" data-element_type=\"widget\" data-e-type=\"widget\" data-widget_type=\"heading.default\">\n\t\t\t\t<div class=\"elementor-widget-container\">\n\t\t\t\t\t<h2 class=\"elementor-heading-title elementor-size-default\">About us<\/h2>\t\t\t\t<\/div>\n\t\t\t\t<\/div>\n\t\t\t\t<\/div>\n\t\t\t\t\t<\/div>\n\t\t\t\t<\/div>\n\t\t<div class=\"elementor-element elementor-element-8cde91f e-flex e-con-boxed e-con e-parent\" data-id=\"8cde91f\" data-element_type=\"container\" data-e-type=\"container\">\n\t\t\t\t\t<div class=\"e-con-inner\">\n\t\t<div class=\"elementor-element elementor-element-36fe292 e-con-full e-flex e-con e-child\" data-id=\"36fe292\" data-element_type=\"container\" data-e-type=\"container\">\n\t\t\t\t<div class=\"elementor-element elementor-element-61308e7 elementor-invisible elementor-widget elementor-widget-text-editor\" data-id=\"61308e7\" data-element_type=\"widget\" data-e-type=\"widget\" data-settings=\"{&quot;_animation&quot;:&quot;fadeInLeft&quot;,&quot;_animation_delay&quot;:100}\" data-widget_type=\"text-editor.default\">\n\t\t\t\t<div class=\"elementor-widget-container\">\n\t\t\t\t\t\t\t\t\t<p data-start=\"181\" data-end=\"1030\">During his tenure as a Civil Police Chief in the State of Goi\u00e1s, several important initiatives were developed early in his public service career. These included serving as Deputy Internal Affairs Chief and participating in the general coordination of programs aimed at protecting threatened victims and witnesses.In 2010, he was invited to join the institution\u2019s intelligence management, a period during which he began dedicating himself to the investigation of the most complex and high-profile cases in the State. In this context, he was responsible for implementing the State Police Unit for Combating Organized Criminal Activities (DRACO), where he established a working model focused on combating organized crime, confronting extermination groups, and other structured criminal organizations through coordinated action among law enforcement agencies, state police forces, and other federal units.<\/p>\n<p data-start=\"1032\" data-end=\"1771\">He later led the activities of the Civil Police in Goi\u00e2nia and subsequently commanded the Superintendence for Combating Corruption and Organized Crime, a unit structured within the State Secretariat of Public Security of Goi\u00e1s with a focus on intelligence operations. The objective was to implement investigative methodologies, institutional philosophy, and strategies aimed at combating white-collar crimes at the state level.<\/p>\n<p data-start=\"1773\" data-end=\"2247\">With extensive expertise in defense investigations, he holds a Law degree and postgraduate specializations in Labor Relations and Negotiation, Human Rights, and Public Security Management. He has served as a professor of Criminal Law and Criminal Procedure at the Pontifical Catholic University of Goi\u00e1s (PUC-GO) and at ESUP\/FGV.<\/p>\t\t\t\t\t\t\t\t<\/div>\n\t\t\t\t<\/div>\n\t\t\t\t<\/div>\n\t\t<div class=\"elementor-element elementor-element-92796a5 e-con-full e-flex e-con e-child\" data-id=\"92796a5\" data-element_type=\"container\" data-e-type=\"container\">\n\t\t<div class=\"elementor-element elementor-element-ce6a1dd e-con-full e-flex elementor-invisible e-con e-child\" data-id=\"ce6a1dd\" data-element_type=\"container\" data-e-type=\"container\" data-settings=\"{&quot;background_background&quot;:&quot;classic&quot;,&quot;animation&quot;:&quot;fadeInRight&quot;,&quot;animation_delay&quot;:150}\">\n\t\t\t\t<div class=\"elementor-element elementor-element-4348b02 elementor-widget__width-initial elementor-widget elementor-widget-heading\" data-id=\"4348b02\" data-element_type=\"widget\" data-e-type=\"widget\" data-widget_type=\"heading.default\">\n\t\t\t\t<div class=\"elementor-widget-container\">\n\t\t\t\t\t<h2 class=\"elementor-heading-title elementor-size-default\"><a href=\"https:\/\/alexandrelourencoadvocacia.com.br\/en\/advocacia-criminal\/\">Criminal defense<\/a><\/h2>\t\t\t\t<\/div>\n\t\t\t\t<\/div>\n\t\t\t\t<div class=\"elementor-element elementor-element-327fc2f elementor-widget__width-initial elementor-widget elementor-widget-heading\" data-id=\"327fc2f\" data-element_type=\"widget\" data-e-type=\"widget\" data-widget_type=\"heading.default\">\n\t\t\t\t<div class=\"elementor-widget-container\">\n\t\t\t\t\t<h2 class=\"elementor-heading-title elementor-size-default\"><a href=\"https:\/\/alexandrelourencoadvocacia.com.br\/en\/investigacao-defensiva\/\">Defense Investigation<\/a><\/h2>\t\t\t\t<\/div>\n\t\t\t\t<\/div>\n\t\t\t\t<\/div>\n\t\t\t\t<\/div>\n\t\t\t\t\t<\/div>\n\t\t\t\t<\/div>\n\t\t<div class=\"elementor-element elementor-element-8fa6779 e-flex e-con-boxed e-con e-parent\" data-id=\"8fa6779\" data-element_type=\"container\" data-e-type=\"container\">\n\t\t\t\t\t<div class=\"e-con-inner\">\n\t\t<div class=\"elementor-element elementor-element-16b9b18 e-con-full e-flex elementor-invisible e-con e-child\" data-id=\"16b9b18\" data-element_type=\"container\" data-e-type=\"container\" data-settings=\"{&quot;background_background&quot;:&quot;classic&quot;,&quot;animation&quot;:&quot;fadeInUp&quot;}\">\n\t\t\t\t<div class=\"elementor-element elementor-element-81ea4d4 elementor-widget__width-initial elementor-widget elementor-widget-heading\" data-id=\"81ea4d4\" data-element_type=\"widget\" data-e-type=\"widget\" data-widget_type=\"heading.default\">\n\t\t\t\t<div class=\"elementor-widget-container\">\n\t\t\t\t\t<h2 class=\"elementor-heading-title elementor-size-default\">FIELD WORK<\/h2>\t\t\t\t<\/div>\n\t\t\t\t<\/div>\n\t\t\t\t<div class=\"elementor-element elementor-element-a7e96ec elementor-invisible elementor-widget elementor-widget-text-editor\" data-id=\"a7e96ec\" data-element_type=\"widget\" data-e-type=\"widget\" data-settings=\"{&quot;_animation&quot;:&quot;fadeInLeft&quot;,&quot;_animation_delay&quot;:100}\" data-widget_type=\"text-editor.default\">\n\t\t\t\t<div class=\"elementor-widget-container\">\n\t\t\t\t\t\t\t\t\t<p>The firm seeks to obtain elements that are not reached by the State and that can be developed to defend the interests of its clients. For the analysis of evidence and field work, the firm has a specialized technical team composed of both direct and indirect collaborators. All professionals were selected based on specific qualifications and are distributed across several Brazilian states, bringing significant experience in intelligence and defense investigation.<\/p>\t\t\t\t\t\t\t\t<\/div>\n\t\t\t\t<\/div>\n\t\t\t\t<\/div>\n\t\t\t\t\t<\/div>\n\t\t\t\t<\/div>\n\t\t<div class=\"elementor-element elementor-element-1910e92 e-flex e-con-boxed e-con e-parent\" data-id=\"1910e92\" data-element_type=\"container\" data-e-type=\"container\">\n\t\t\t\t\t<div class=\"e-con-inner\">\n\t\t<div class=\"elementor-element elementor-element-203b907 e-con-full e-flex elementor-invisible e-con e-child\" data-id=\"203b907\" data-element_type=\"container\" data-e-type=\"container\" data-settings=\"{&quot;animation&quot;:&quot;fadeInUp&quot;}\">\n\t\t<div class=\"elementor-element elementor-element-f7dacd8 e-con-full e-flex e-con e-child\" data-id=\"f7dacd8\" data-element_type=\"container\" data-e-type=\"container\" data-settings=\"{&quot;background_background&quot;:&quot;classic&quot;}\">\n\t\t\t\t<div class=\"elementor-element elementor-element-3b0d06a elementor-widget__width-initial elementor-widget elementor-widget-heading\" data-id=\"3b0d06a\" data-element_type=\"widget\" data-e-type=\"widget\" data-widget_type=\"heading.default\">\n\t\t\t\t<div class=\"elementor-widget-container\">\n\t\t\t\t\t<h2 class=\"elementor-heading-title elementor-size-default\">INTEGRATED ACTION<\/h2>\t\t\t\t<\/div>\n\t\t\t\t<\/div>\n\t\t\t\t<\/div>\n\t\t<div class=\"elementor-element elementor-element-f0bb1a9 e-con-full e-flex e-con e-child\" data-id=\"f0bb1a9\" data-element_type=\"container\" data-e-type=\"container\" data-settings=\"{&quot;background_background&quot;:&quot;classic&quot;}\">\n\t\t\t\t<div class=\"elementor-element elementor-element-e2f82d9 elementor-invisible elementor-widget elementor-widget-text-editor\" data-id=\"e2f82d9\" data-element_type=\"widget\" data-e-type=\"widget\" data-settings=\"{&quot;_animation&quot;:&quot;fadeInLeft&quot;,&quot;_animation_delay&quot;:100}\" data-widget_type=\"text-editor.default\">\n\t\t\t\t<div class=\"elementor-widget-container\">\n\t\t\t\t\t\t\t\t\t<p>The combination of defense advocacy with investigative work significantly increases the effectiveness of the defense by providing substantial evidence that can be used to challenge accusations or reduce penalties.<\/p>\t\t\t\t\t\t\t\t<\/div>\n\t\t\t\t<\/div>\n\t\t\t\t<\/div>\n\t\t\t\t<\/div>\n\t\t<div class=\"elementor-element elementor-element-d2b9817 e-con-full e-flex elementor-invisible e-con e-child\" data-id=\"d2b9817\" data-element_type=\"container\" data-e-type=\"container\" data-settings=\"{&quot;animation&quot;:&quot;fadeInUp&quot;,&quot;animation_delay&quot;:200}\">\n\t\t<div class=\"elementor-element elementor-element-1009f3e e-con-full e-flex e-con e-child\" data-id=\"1009f3e\" data-element_type=\"container\" data-e-type=\"container\" data-settings=\"{&quot;background_background&quot;:&quot;classic&quot;}\">\n\t\t\t\t<div class=\"elementor-element elementor-element-0e19599 elementor-widget__width-initial elementor-widget elementor-widget-heading\" data-id=\"0e19599\" data-element_type=\"widget\" data-e-type=\"widget\" data-widget_type=\"heading.default\">\n\t\t\t\t<div class=\"elementor-widget-container\">\n\t\t\t\t\t<h2 class=\"elementor-heading-title elementor-size-default\">FAST CASE RESOLUTION <\/h2>\t\t\t\t<\/div>\n\t\t\t\t<\/div>\n\t\t\t\t<\/div>\n\t\t<div class=\"elementor-element elementor-element-72902ad e-con-full e-flex e-con e-child\" data-id=\"72902ad\" data-element_type=\"container\" data-e-type=\"container\" data-settings=\"{&quot;background_background&quot;:&quot;classic&quot;}\">\n\t\t\t\t<div class=\"elementor-element elementor-element-af7ccba elementor-invisible elementor-widget elementor-widget-text-editor\" data-id=\"af7ccba\" data-element_type=\"widget\" data-e-type=\"widget\" data-settings=\"{&quot;_animation&quot;:&quot;fadeInLeft&quot;,&quot;_animation_delay&quot;:100}\" data-widget_type=\"text-editor.default\">\n\t\t\t\t<div class=\"elementor-widget-container\">\n\t\t\t\t\t\t\t\t\t<p>Through detailed and precise investigation, solutions can be presented more quickly, saving time and resources for clients.<\/p>\t\t\t\t\t\t\t\t<\/div>\n\t\t\t\t<\/div>\n\t\t\t\t<\/div>\n\t\t\t\t<\/div>\n\t\t\t\t\t<\/div>\n\t\t\t\t<\/div>\n\t\t<div class=\"elementor-element elementor-element-9eda59d e-flex e-con-boxed e-con e-parent\" data-id=\"9eda59d\" data-element_type=\"container\" data-e-type=\"container\">\n\t\t\t\t\t<div class=\"e-con-inner\">\n\t\t<div class=\"elementor-element elementor-element-247d8b6 e-con-full e-flex elementor-invisible e-con e-child\" data-id=\"247d8b6\" data-element_type=\"container\" data-e-type=\"container\" data-settings=\"{&quot;animation&quot;:&quot;fadeInUp&quot;}\">\n\t\t<div class=\"elementor-element elementor-element-e497d4b e-con-full e-flex e-con e-child\" data-id=\"e497d4b\" data-element_type=\"container\" data-e-type=\"container\" data-settings=\"{&quot;background_background&quot;:&quot;classic&quot;}\">\n\t\t\t\t<div class=\"elementor-element elementor-element-4cdbbb1 elementor-widget__width-initial elementor-widget elementor-widget-heading\" data-id=\"4cdbbb1\" data-element_type=\"widget\" data-e-type=\"widget\" data-widget_type=\"heading.default\">\n\t\t\t\t<div class=\"elementor-widget-container\">\n\t\t\t\t\t<h2 class=\"elementor-heading-title elementor-size-default\">GREATER TRANSPARENCY<\/h2>\t\t\t\t<\/div>\n\t\t\t\t<\/div>\n\t\t\t\t<\/div>\n\t\t<div class=\"elementor-element elementor-element-1feb776 e-con-full e-flex e-con e-child\" data-id=\"1feb776\" data-element_type=\"container\" data-e-type=\"container\" data-settings=\"{&quot;background_background&quot;:&quot;classic&quot;}\">\n\t\t\t\t<div class=\"elementor-element elementor-element-ffddf95 elementor-invisible elementor-widget elementor-widget-text-editor\" data-id=\"ffddf95\" data-element_type=\"widget\" data-e-type=\"widget\" data-settings=\"{&quot;_animation&quot;:&quot;fadeInLeft&quot;,&quot;_animation_delay&quot;:100}\" data-widget_type=\"text-editor.default\">\n\t\t\t\t<div class=\"elementor-widget-container\">\n\t\t\t\t\t\t\t\t\t<p>Clients benefit from greater transparency in judicial proceedings, knowing that all possible evidence has been explored and presented.<\/p>\t\t\t\t\t\t\t\t<\/div>\n\t\t\t\t<\/div>\n\t\t\t\t<\/div>\n\t\t\t\t<\/div>\n\t\t<div class=\"elementor-element elementor-element-18b315f e-con-full e-flex elementor-invisible e-con e-child\" data-id=\"18b315f\" data-element_type=\"container\" data-e-type=\"container\" data-settings=\"{&quot;animation&quot;:&quot;fadeInUp&quot;,&quot;animation_delay&quot;:200}\">\n\t\t<div class=\"elementor-element elementor-element-abc7cc9 e-con-full e-flex e-con e-child\" data-id=\"abc7cc9\" data-element_type=\"container\" data-e-type=\"container\" data-settings=\"{&quot;background_background&quot;:&quot;classic&quot;}\">\n\t\t\t\t<div class=\"elementor-element elementor-element-2a71bf3 elementor-widget__width-initial elementor-widget elementor-widget-heading\" data-id=\"2a71bf3\" data-element_type=\"widget\" data-e-type=\"widget\" data-widget_type=\"heading.default\">\n\t\t\t\t<div class=\"elementor-widget-container\">\n\t\t\t\t\t<h2 class=\"elementor-heading-title elementor-size-default\">RISK REDUCTION<\/h2>\t\t\t\t<\/div>\n\t\t\t\t<\/div>\n\t\t\t\t<\/div>\n\t\t<div class=\"elementor-element elementor-element-b158366 e-con-full e-flex e-con e-child\" data-id=\"b158366\" data-element_type=\"container\" data-e-type=\"container\" data-settings=\"{&quot;background_background&quot;:&quot;classic&quot;}\">\n\t\t\t\t<div class=\"elementor-element elementor-element-8c35422 elementor-invisible elementor-widget elementor-widget-text-editor\" data-id=\"8c35422\" data-element_type=\"widget\" data-e-type=\"widget\" data-settings=\"{&quot;_animation&quot;:&quot;fadeInLeft&quot;,&quot;_animation_delay&quot;:100}\" data-widget_type=\"text-editor.default\">\n\t\t\t\t<div class=\"elementor-widget-container\">\n\t\t\t\t\t\t\t\t\t<p>Identifying and analyzing all available evidence helps reduce the risks of unjust convictions or unfavorable decisions.<\/p>\t\t\t\t\t\t\t\t<\/div>\n\t\t\t\t<\/div>\n\t\t\t\t<\/div>\n\t\t\t\t<\/div>\n\t\t\t\t\t<\/div>\n\t\t\t\t<\/div>\n\t\t\t\t<\/div>","protected":false},"excerpt":{"rendered":"<p>Sobre N\u00f3s No exerc\u00edcio do cargo de delegado da Pol\u00edcia Civil do Estado de Goi\u00e1s, desenvolveu trabalhos importantes j\u00e1 no in\u00edcio da carreira p\u00fablica, como o de delegado corregedor (adjunto) e, tamb\u00e9m, na coordena\u00e7\u00e3o geral dos programas de prote\u00e7\u00e3o a v\u00edtimas e testemunhas amea\u00e7adas. Em 2010, foi convidado a compor a ger\u00eancia de intelig\u00eancia da [&hellip;]<\/p>\n","protected":false},"author":1,"featured_media":0,"parent":0,"menu_order":0,"comment_status":"closed","ping_status":"closed","template":"elementor_header_footer","meta":{"footnotes":""},"class_list":["post-28","page","type-page","status-publish","hentry"],"_links":{"self":[{"href":"https:\/\/alexandrelourencoadvocacia.com.br\/en\/wp-json\/wp\/v2\/pages\/28","targetHints":{"allow":["GET"]}}],"collection":[{"href":"https:\/\/alexandrelourencoadvocacia.com.br\/en\/wp-json\/wp\/v2\/pages"}],"about":[{"href":"https:\/\/alexandrelourencoadvocacia.com.br\/en\/wp-json\/wp\/v2\/types\/page"}],"author":[{"embeddable":true,"href":"https:\/\/alexandrelourencoadvocacia.com.br\/en\/wp-json\/wp\/v2\/users\/1"}],"replies":[{"embeddable":true,"href":"https:\/\/alexandrelourencoadvocacia.com.br\/en\/wp-json\/wp\/v2\/comments?post=28"}],"version-history":[{"count":52,"href":"https:\/\/alexandrelourencoadvocacia.com.br\/en\/wp-json\/wp\/v2\/pages\/28\/revisions"}],"predecessor-version":[{"id":729,"href":"https:\/\/alexandrelourencoadvocacia.com.br\/en\/wp-json\/wp\/v2\/pages\/28\/revisions\/729"}],"wp:attachment":[{"href":"https:\/\/alexandrelourencoadvocacia.com.br\/en\/wp-json\/wp\/v2\/media?parent=28"}],"curies":[{"name":"wp","href":"https:\/\/api.w.org\/{rel}","templated":true}]}}