{"id":30,"date":"2025-04-14T17:04:27","date_gmt":"2025-04-14T17:04:27","guid":{"rendered":"https:\/\/www.alexandrelourencoadvocacia.com.br\/?page_id=30"},"modified":"2026-04-22T14:16:26","modified_gmt":"2026-04-22T14:16:26","slug":"profissionais","status":"publish","type":"page","link":"https:\/\/alexandrelourencoadvocacia.com.br\/en\/profissionais\/","title":{"rendered":"Professionals"},"content":{"rendered":"<div data-elementor-type=\"wp-page\" data-elementor-id=\"30\" class=\"elementor elementor-30\" data-elementor-post-type=\"page\">\n\t\t\t\t<div class=\"elementor-element elementor-element-6dada51 e-flex e-con-boxed e-con e-parent\" data-id=\"6dada51\" data-element_type=\"container\" data-e-type=\"container\" data-settings=\"{&quot;background_background&quot;:&quot;classic&quot;}\">\n\t\t\t\t\t<div class=\"e-con-inner\">\n\t\t<div class=\"elementor-element elementor-element-4c9504a e-con-full e-flex e-con e-child\" data-id=\"4c9504a\" data-element_type=\"container\" data-e-type=\"container\">\n\t\t\t\t<div class=\"elementor-element elementor-element-c138298 elementor-widget elementor-widget-heading\" data-id=\"c138298\" data-element_type=\"widget\" data-e-type=\"widget\" data-widget_type=\"heading.default\">\n\t\t\t\t<div class=\"elementor-widget-container\">\n\t\t\t\t\t<h2 class=\"elementor-heading-title elementor-size-default\">Professionals<\/h2>\t\t\t\t<\/div>\n\t\t\t\t<\/div>\n\t\t\t\t<\/div>\n\t\t\t\t\t<\/div>\n\t\t\t\t<\/div>\n\t\t<div class=\"elementor-element elementor-element-b11af64 e-flex e-con-boxed e-con e-parent\" data-id=\"b11af64\" data-element_type=\"container\" data-e-type=\"container\">\n\t\t\t\t\t<div class=\"e-con-inner\">\n\t\t<div class=\"elementor-element elementor-element-ffdb83a e-con-full e-flex e-con e-child\" data-id=\"ffdb83a\" data-element_type=\"container\" data-e-type=\"container\">\n\t\t\t\t<div class=\"elementor-element elementor-element-8920675 elementor-invisible elementor-widget elementor-widget-image\" data-id=\"8920675\" data-element_type=\"widget\" data-e-type=\"widget\" data-settings=\"{&quot;_animation&quot;:&quot;fadeInUp&quot;}\" data-widget_type=\"image.default\">\n\t\t\t\t<div class=\"elementor-widget-container\">\n\t\t\t\t\t\t\t\t\t\t\t\t\t\t\t<img fetchpriority=\"high\" decoding=\"async\" width=\"534\" height=\"544\" src=\"https:\/\/alexandrelourencoadvocacia.com.br\/wp-content\/uploads\/2025\/04\/01.jpg\" class=\"attachment-large size-large wp-image-180\" alt=\"\" srcset=\"https:\/\/alexandrelourencoadvocacia.com.br\/wp-content\/uploads\/2025\/04\/01.jpg 534w, https:\/\/alexandrelourencoadvocacia.com.br\/wp-content\/uploads\/2025\/04\/01-294x300.jpg 294w\" sizes=\"(max-width: 534px) 100vw, 534px\" \/>\t\t\t\t\t\t\t\t\t\t\t\t\t\t\t<\/div>\n\t\t\t\t<\/div>\n\t\t\t\t<\/div>\n\t\t<div class=\"elementor-element elementor-element-d1f2cd3 e-con-full e-flex elementor-invisible e-con e-child\" data-id=\"d1f2cd3\" data-element_type=\"container\" data-e-type=\"container\" data-settings=\"{&quot;animation&quot;:&quot;fadeInUp&quot;,&quot;animation_delay&quot;:150}\">\n\t\t\t\t<div class=\"elementor-element elementor-element-623afb9 elementor-widget elementor-widget-heading\" data-id=\"623afb9\" data-element_type=\"widget\" data-e-type=\"widget\" data-widget_type=\"heading.default\">\n\t\t\t\t<div class=\"elementor-widget-container\">\n\t\t\t\t\t<h2 class=\"elementor-heading-title elementor-size-default\">ALEXANDRE LOUREN\u00c7O | Criminal Defense Lawyer in Goi\u00e2nia<\/h2>\t\t\t\t<\/div>\n\t\t\t\t<\/div>\n\t\t\t\t<div class=\"elementor-element elementor-element-711198f elementor-invisible elementor-widget elementor-widget-text-editor\" data-id=\"711198f\" data-element_type=\"widget\" data-e-type=\"widget\" data-settings=\"{&quot;_animation&quot;:&quot;fadeInLeft&quot;,&quot;_animation_delay&quot;:100}\" data-widget_type=\"text-editor.default\">\n\t\t\t\t<div class=\"elementor-widget-container\">\n\t\t\t\t\t\t\t\t\t<p><br \/>Alexandre Louren\u00e7o Criminal Law and Consulting is a firm focused on strategic legal intelligence and built upon the 29 years of professional experience of its founding partner in the practice of law.\n\nDuring his public service career, Alexandre Louren\u00e7o served as a Civil Police Chief in the State of Goi\u00e1s for over 20 years. Due to his professional competence and recognized credibility, he also served as Chief of the Civil Police and Acting Secretary of Public Security of the State of Goi\u00e1s.\u00a0<\/p>\t\t\t\t\t\t\t\t<\/div>\n\t\t\t\t<\/div>\n\t\t\t\t<\/div>\n\t\t\t\t\t<\/div>\n\t\t\t\t<\/div>\n\t\t<div class=\"elementor-element elementor-element-cd0dbbc e-flex e-con-boxed e-con e-parent\" data-id=\"cd0dbbc\" data-element_type=\"container\" data-e-type=\"container\" data-settings=\"{&quot;background_background&quot;:&quot;classic&quot;}\">\n\t\t\t\t\t<div class=\"e-con-inner\">\n\t\t<div class=\"elementor-element elementor-element-dd3f91e e-con-full e-flex elementor-invisible e-con e-child\" data-id=\"dd3f91e\" data-element_type=\"container\" data-e-type=\"container\" data-settings=\"{&quot;animation&quot;:&quot;fadeInUp&quot;,&quot;animation_delay&quot;:150}\">\n\t\t\t\t<div class=\"elementor-element elementor-element-818ad6d elementor-widget elementor-widget-heading\" data-id=\"818ad6d\" data-element_type=\"widget\" data-e-type=\"widget\" data-widget_type=\"heading.default\">\n\t\t\t\t<div class=\"elementor-widget-container\">\n\t\t\t\t\t<h2 class=\"elementor-heading-title elementor-size-default\">MARIA CAROLINA | Criminal Defense Lawyer in Goi\u00e2nia<\/h2>\t\t\t\t<\/div>\n\t\t\t\t<\/div>\n\t\t\t\t<div class=\"elementor-element elementor-element-6a2bf57 elementor-invisible elementor-widget elementor-widget-text-editor\" data-id=\"6a2bf57\" data-element_type=\"widget\" data-e-type=\"widget\" data-settings=\"{&quot;_animation&quot;:&quot;fadeInLeft&quot;,&quot;_animation_delay&quot;:100}\" data-widget_type=\"text-editor.default\">\n\t\t\t\t<div class=\"elementor-widget-container\">\n\t\t\t\t\t\t\t\t\t<p>Bacharel em Direito, \u00e9 advogada, p\u00f3s-graduada em Direito Penal Econ\u00f4mico e Empresarial, habilitada em entrevista investigativa e respons\u00e1vel pela elabora\u00e7\u00e3o de pareceres e atua\u00e7\u00e3o no contencioso. Realiza acompanhamento jur\u00eddico dos trabalhos de investiga\u00e7\u00e3o desenvolvidos pelo escrit\u00f3rio.<\/p>\t\t\t\t\t\t\t\t<\/div>\n\t\t\t\t<\/div>\n\t\t\t\t<\/div>\n\t\t<div class=\"elementor-element elementor-element-1e12e52 e-con-full e-flex e-con e-child\" data-id=\"1e12e52\" data-element_type=\"container\" data-e-type=\"container\">\n\t\t\t\t<div class=\"elementor-element elementor-element-507318c elementor-invisible elementor-widget elementor-widget-image\" data-id=\"507318c\" data-element_type=\"widget\" data-e-type=\"widget\" data-settings=\"{&quot;_animation&quot;:&quot;fadeInUp&quot;}\" data-widget_type=\"image.default\">\n\t\t\t\t<div class=\"elementor-widget-container\">\n\t\t\t\t\t\t\t\t\t\t\t\t\t\t\t<img decoding=\"async\" width=\"555\" height=\"555\" src=\"https:\/\/alexandrelourencoadvocacia.com.br\/wp-content\/uploads\/2025\/11\/cleomar-1.jpg\" class=\"attachment-large size-large wp-image-558\" alt=\"\" srcset=\"https:\/\/alexandrelourencoadvocacia.com.br\/wp-content\/uploads\/2025\/11\/cleomar-1.jpg 555w, https:\/\/alexandrelourencoadvocacia.com.br\/wp-content\/uploads\/2025\/11\/cleomar-1-300x300.jpg 300w, https:\/\/alexandrelourencoadvocacia.com.br\/wp-content\/uploads\/2025\/11\/cleomar-1-150x150.jpg 150w\" sizes=\"(max-width: 555px) 100vw, 555px\" \/>\t\t\t\t\t\t\t\t\t\t\t\t\t\t\t<\/div>\n\t\t\t\t<\/div>\n\t\t\t\t<\/div>\n\t\t\t\t\t<\/div>\n\t\t\t\t<\/div>\n\t\t<div class=\"elementor-element elementor-element-63c255b e-flex e-con-boxed e-con e-parent\" data-id=\"63c255b\" data-element_type=\"container\" data-e-type=\"container\" data-settings=\"{&quot;background_background&quot;:&quot;classic&quot;}\">\n\t\t\t\t\t<div class=\"e-con-inner\">\n\t\t<div class=\"elementor-element elementor-element-b5004ec e-con-full e-flex elementor-invisible e-con e-child\" data-id=\"b5004ec\" data-element_type=\"container\" data-e-type=\"container\" data-settings=\"{&quot;animation&quot;:&quot;fadeInUp&quot;,&quot;animation_delay&quot;:150}\">\n\t\t\t\t<div class=\"elementor-element elementor-element-b421a64 elementor-widget elementor-widget-heading\" data-id=\"b421a64\" data-element_type=\"widget\" data-e-type=\"widget\" data-widget_type=\"heading.default\">\n\t\t\t\t<div class=\"elementor-widget-container\">\n\t\t\t\t\t<h2 class=\"elementor-heading-title elementor-size-default\">Thalles Villar | Advogado Criminalista em Goi\u00e2nia<\/h2>\t\t\t\t<\/div>\n\t\t\t\t<\/div>\n\t\t\t\t<div class=\"elementor-element elementor-element-80a6070 elementor-invisible elementor-widget elementor-widget-text-editor\" data-id=\"80a6070\" data-element_type=\"widget\" data-e-type=\"widget\" data-settings=\"{&quot;_animation&quot;:&quot;fadeInLeft&quot;,&quot;_animation_delay&quot;:100}\" data-widget_type=\"text-editor.default\">\n\t\t\t\t<div class=\"elementor-widget-container\">\n\t\t\t\t\t\t\t\t\t<p>Attorney practicing in the field of Criminal Law. Graduated from the Federal University of Goi\u00e1s (UFG).\n\nPostgraduate student in Criminal Law and Criminal Procedure, as well as in Public Procurement and Administrative Contracts.\n\nMember of the Brazilian Institute of Economic Criminal Law and of the Special Commission on Economic Criminal Law of the Brazilian Bar Association \u2013 Goi\u00e1s Section (OAB\/GO).<br \/>Membro do Instituto Brasileiro de Direito Penal Econ\u00f4mico. Membro da Comiss\u00e3o Especial de Direito Penal Econ\u00f4mico da OAB\/GO.<\/p>\t\t\t\t\t\t\t\t<\/div>\n\t\t\t\t<\/div>\n\t\t\t\t<\/div>\n\t\t<div class=\"elementor-element elementor-element-d70fd1e e-con-full e-flex e-con e-child\" data-id=\"d70fd1e\" data-element_type=\"container\" data-e-type=\"container\">\n\t\t\t\t<div class=\"elementor-element elementor-element-61bacf9 elementor-invisible elementor-widget elementor-widget-image\" data-id=\"61bacf9\" data-element_type=\"widget\" data-e-type=\"widget\" data-settings=\"{&quot;_animation&quot;:&quot;fadeInUp&quot;}\" data-widget_type=\"image.default\">\n\t\t\t\t<div class=\"elementor-widget-container\">\n\t\t\t\t\t\t\t\t\t\t\t\t\t\t\t<img decoding=\"async\" width=\"768\" height=\"923\" src=\"https:\/\/alexandrelourencoadvocacia.com.br\/wp-content\/uploads\/2026\/02\/WhatsApp-Image-2026-02-04-at-15.07.48-1-768x923.jpeg\" class=\"attachment-medium_large size-medium_large wp-image-764\" alt=\"\" srcset=\"https:\/\/alexandrelourencoadvocacia.com.br\/wp-content\/uploads\/2026\/02\/WhatsApp-Image-2026-02-04-at-15.07.48-1-768x923.jpeg 768w, https:\/\/alexandrelourencoadvocacia.com.br\/wp-content\/uploads\/2026\/02\/WhatsApp-Image-2026-02-04-at-15.07.48-1-250x300.jpeg 250w, https:\/\/alexandrelourencoadvocacia.com.br\/wp-content\/uploads\/2026\/02\/WhatsApp-Image-2026-02-04-at-15.07.48-1-852x1024.jpeg 852w, https:\/\/alexandrelourencoadvocacia.com.br\/wp-content\/uploads\/2026\/02\/WhatsApp-Image-2026-02-04-at-15.07.48-1.jpeg 854w\" sizes=\"(max-width: 768px) 100vw, 768px\" \/>\t\t\t\t\t\t\t\t\t\t\t\t\t\t\t<\/div>\n\t\t\t\t<\/div>\n\t\t\t\t<\/div>\n\t\t\t\t\t<\/div>\n\t\t\t\t<\/div>\n\t\t\t\t<\/div>","protected":false},"excerpt":{"rendered":"<p>Profissionais ALEXANDRE LOUREN\u00c7O | Advogado Criminalista em Goi\u00e2nia Alexandre Louren\u00e7o Advocacia Criminal e Consultoria \u00e9 um escrit\u00f3rio direcionado por intelig\u00eancia estrat\u00e9gica e criado a partir da experi\u00eancia de 29 anos de seu s\u00f3cio-fundador no exerc\u00edcio do Direito. Na carreira p\u00fablica, Alexandre Louren\u00e7o atuou como delegado da Pol\u00edcia Civil do Estado de Goi\u00e1s, ao longo de [&hellip;]<\/p>\n","protected":false},"author":1,"featured_media":0,"parent":0,"menu_order":0,"comment_status":"closed","ping_status":"closed","template":"elementor_header_footer","meta":{"footnotes":""},"class_list":["post-30","page","type-page","status-publish","hentry"],"_links":{"self":[{"href":"https:\/\/alexandrelourencoadvocacia.com.br\/en\/wp-json\/wp\/v2\/pages\/30","targetHints":{"allow":["GET"]}}],"collection":[{"href":"https:\/\/alexandrelourencoadvocacia.com.br\/en\/wp-json\/wp\/v2\/pages"}],"about":[{"href":"https:\/\/alexandrelourencoadvocacia.com.br\/en\/wp-json\/wp\/v2\/types\/page"}],"author":[{"embeddable":true,"href":"https:\/\/alexandrelourencoadvocacia.com.br\/en\/wp-json\/wp\/v2\/users\/1"}],"replies":[{"embeddable":true,"href":"https:\/\/alexandrelourencoadvocacia.com.br\/en\/wp-json\/wp\/v2\/comments?post=30"}],"version-history":[{"count":73,"href":"https:\/\/alexandrelourencoadvocacia.com.br\/en\/wp-json\/wp\/v2\/pages\/30\/revisions"}],"predecessor-version":[{"id":950,"href":"https:\/\/alexandrelourencoadvocacia.com.br\/en\/wp-json\/wp\/v2\/pages\/30\/revisions\/950"}],"wp:attachment":[{"href":"https:\/\/alexandrelourencoadvocacia.com.br\/en\/wp-json\/wp\/v2\/media?parent=30"}],"curies":[{"name":"wp","href":"https:\/\/api.w.org\/{rel}","templated":true}]}}